{"id":17572,"date":"2024-10-21T12:19:09","date_gmt":"2024-10-21T12:19:09","guid":{"rendered":"https:\/\/courchevelchalets.fr\/val-thorens\/"},"modified":"2025-03-12T08:58:34","modified_gmt":"2025-03-12T08:58:34","slug":"val-thorens","status":"publish","type":"page","link":"https:\/\/courchevelchalets.fr\/fr\/val-thorens\/","title":{"rendered":"Val Thorens"},"content":{"rendered":"\t\t<div data-elementor-type=\"wp-page\" data-elementor-id=\"17572\" class=\"elementor elementor-17572 elementor-15439\" data-elementor-post-type=\"page\">\n\t\t\t\t\t\t<section class=\"elementor-section elementor-top-section elementor-element elementor-element-7775676 elementor-section-height-min-height elementor-section-boxed elementor-section-height-default elementor-section-items-middle\" data-id=\"7775676\" data-element_type=\"section\" data-e-type=\"section\" data-settings=\"{&quot;background_background&quot;:&quot;classic&quot;}\">\n\t\t\t\t\t\t<div class=\"elementor-container elementor-column-gap-default\">\n\t\t\t\t\t<div class=\"elementor-column elementor-col-100 elementor-top-column elementor-element elementor-element-9cb90af\" data-id=\"9cb90af\" data-element_type=\"column\" data-e-type=\"column\">\n\t\t\t<div class=\"elementor-widget-wrap elementor-element-populated\">\n\t\t\t\t\t\t<div class=\"elementor-element elementor-element-bc06590 elementor-widget elementor-widget-heading\" data-id=\"bc06590\" data-element_type=\"widget\" data-e-type=\"widget\" data-widget_type=\"heading.default\">\n\t\t\t\t<div class=\"elementor-widget-container\">\n\t\t\t\t\t<h2 class=\"elementor-heading-title elementor-size-default\">Locations dans le Val THORENS<\/h2>\t\t\t\t<\/div>\n\t\t\t\t<\/div>\n\t\t\t\t\t<\/div>\n\t\t<\/div>\n\t\t\t\t\t<\/div>\n\t\t<\/section>\n\t\t\t\t<section class=\"elementor-section elementor-top-section elementor-element elementor-element-9da68ef elementor-section-boxed elementor-section-height-default elementor-section-height-default\" data-id=\"9da68ef\" data-element_type=\"section\" data-e-type=\"section\">\n\t\t\t\t\t\t<div class=\"elementor-container elementor-column-gap-default\">\n\t\t\t\t\t<div class=\"elementor-column elementor-col-100 elementor-top-column elementor-element elementor-element-6726422\" data-id=\"6726422\" data-element_type=\"column\" data-e-type=\"column\">\n\t\t\t<div class=\"elementor-widget-wrap elementor-element-populated\">\n\t\t\t\t\t\t<div class=\"elementor-element elementor-element-61f4c80 elementor-widget elementor-widget-heading\" data-id=\"61f4c80\" data-element_type=\"widget\" data-e-type=\"widget\" data-widget_type=\"heading.default\">\n\t\t\t\t<div class=\"elementor-widget-container\">\n\t\t\t\t\t<h1 class=\"elementor-heading-title elementor-size-default\">Location de chalet \u00e0 Val Thorens<\/h1>\t\t\t\t<\/div>\n\t\t\t\t<\/div>\n\t\t\t\t<div class=\"elementor-element elementor-element-f341bd7 elementor-widget elementor-widget-text-editor\" data-id=\"f341bd7\" data-element_type=\"widget\" data-e-type=\"widget\" data-widget_type=\"text-editor.default\">\n\t\t\t\t<div class=\"elementor-widget-container\">\n\t\t\t\t\t\t\t\t\t<p>Val Thorens est une station de ski renomm\u00e9e situ\u00e9e dans les Alpes fran\u00e7aises, connue pour son ski de haute altitude et ses vues \u00e0 couper le souffle. La location d&rsquo;un chalet \u00e0 Val Thorens est un moyen id\u00e9al de s&rsquo;immerger dans le paysage montagneux exceptionnel et de profiter du vaste domaine skiable de la station. Les chalets de Val Thorens vont de l&rsquo;intimit\u00e9 et du confort \u00e0 de grandes options luxueuses, offrant une vari\u00e9t\u00e9 d&rsquo;\u00e9quipements, y compris l&rsquo;acc\u00e8s skis aux pieds, des jacuzzis et des chemin\u00e9es. De nombreux chalets offrent \u00e9galement la possibilit\u00e9 d&rsquo;avoir un chef cuisinier personnel, qui peut pr\u00e9parer des repas gastronomiques tout au long de votre s\u00e9jour. En tant que destination dynamique et haut de gamme, la location d&rsquo;un chalet \u00e0 Val Thorens vous promet une exp\u00e9rience alpine inoubliable et luxueuse.    <\/p>\n\t\t\t\t\t\t\t\t<\/div>\n\t\t\t\t<\/div>\n\t\t\t\t\t<\/div>\n\t\t<\/div>\n\t\t\t\t\t<\/div>\n\t\t<\/section>\n\t\t\t\t<section class=\"elementor-section elementor-top-section elementor-element elementor-element-70decb7 elementor-section-boxed elementor-section-height-default elementor-section-height-default\" data-id=\"70decb7\" data-element_type=\"section\" data-e-type=\"section\">\n\t\t\t\t\t\t<div class=\"elementor-container elementor-column-gap-default\">\n\t\t\t\t\t<div class=\"elementor-column elementor-col-100 elementor-top-column elementor-element elementor-element-8a6d6c1\" data-id=\"8a6d6c1\" data-element_type=\"column\" data-e-type=\"column\">\n\t\t\t<div class=\"elementor-widget-wrap elementor-element-populated\">\n\t\t\t\t\t\t<div class=\"elementor-element elementor-element-f5b93a2 elementor-widget elementor-widget-heading\" data-id=\"f5b93a2\" data-element_type=\"widget\" data-e-type=\"widget\" data-widget_type=\"heading.default\">\n\t\t\t\t<div class=\"elementor-widget-container\">\n\t\t\t\t\t<h3 class=\"elementor-heading-title elementor-size-default\">Chalets \u00e0 louer \u00e0 Val Thorens<\/h3>\t\t\t\t<\/div>\n\t\t\t\t<\/div>\n\t\t\t\t<div class=\"elementor-element elementor-element-1341b27 elementor-widget elementor-widget-text-editor\" data-id=\"1341b27\" data-element_type=\"widget\" data-e-type=\"widget\" data-widget_type=\"text-editor.default\">\n\t\t\t\t<div class=\"elementor-widget-container\">\n\t\t\t\t\t\t\t\t\t<p>Parcourez notre s\u00e9lection des meilleurs chalets de luxe \u00e0 Val Thorens :<\/p>\n\t\t\t\t\t\t\t\t<\/div>\n\t\t\t\t<\/div>\n\t\t\t\t<div class=\"elementor-element elementor-element-99103da elementor-posts--align-center elementor-grid-3 elementor-grid-tablet-2 elementor-grid-mobile-1 elementor-posts--thumbnail-top elementor-card-shadow-yes elementor-posts__hover-gradient elementor-widget elementor-widget-posts\" data-id=\"99103da\" data-element_type=\"widget\" data-e-type=\"widget\" data-settings=\"{&quot;cards_masonry&quot;:&quot;yes&quot;,&quot;cards_columns&quot;:&quot;3&quot;,&quot;cards_columns_tablet&quot;:&quot;2&quot;,&quot;cards_columns_mobile&quot;:&quot;1&quot;,&quot;cards_row_gap&quot;:{&quot;unit&quot;:&quot;px&quot;,&quot;size&quot;:35,&quot;sizes&quot;:[]},&quot;cards_row_gap_tablet&quot;:{&quot;unit&quot;:&quot;px&quot;,&quot;size&quot;:&quot;&quot;,&quot;sizes&quot;:[]},&quot;cards_row_gap_mobile&quot;:{&quot;unit&quot;:&quot;px&quot;,&quot;size&quot;:&quot;&quot;,&quot;sizes&quot;:[]}}\" data-widget_type=\"posts.cards\">\n\t\t\t\t<div class=\"elementor-widget-container\">\n\t\t\t\t\t\t\t<div class=\"elementor-posts-container elementor-posts elementor-posts--skin-cards elementor-grid\" role=\"list\">\n\t\t\t\t<article class=\"elementor-post elementor-grid-item post-17578 chalets type-chalets status-publish has-post-thumbnail hentry location-val-thorens amenities-cinema amenities-garage amenities-gym amenities-parking amenities-pool amenities-sauna amenities-ski-in-ski-out amenities-ski-room amenities-spa amenities-staff amenities-steam-room type_of_rental-chalets entry\" role=\"listitem\">\n\t\t\t<div class=\"elementor-post__card\">\n\t\t\t\t<a class=\"elementor-post__thumbnail__link\" href=\"https:\/\/courchevelchalets.fr\/fr\/rentals\/chalet-cullinan\/\" tabindex=\"-1\" ><div class=\"elementor-post__thumbnail\"><img fetchpriority=\"high\" decoding=\"async\" width=\"1536\" height=\"1025\" src=\"https:\/\/courchevelchalets.fr\/wp-content\/uploads\/2024\/10\/Chalet-Cullinan-1-1536x1025.jpg\" class=\"attachment-1536x1536 size-1536x1536 wp-image-16068\" alt=\"\" srcset=\"https:\/\/courchevelchalets.fr\/wp-content\/uploads\/2024\/10\/Chalet-Cullinan-1-1536x1025.jpg 1536w, https:\/\/courchevelchalets.fr\/wp-content\/uploads\/2024\/10\/Chalet-Cullinan-1-300x200.jpg 300w, https:\/\/courchevelchalets.fr\/wp-content\/uploads\/2024\/10\/Chalet-Cullinan-1-1024x683.jpg 1024w, https:\/\/courchevelchalets.fr\/wp-content\/uploads\/2024\/10\/Chalet-Cullinan-1-768x512.jpg 768w, https:\/\/courchevelchalets.fr\/wp-content\/uploads\/2024\/10\/Chalet-Cullinan-1-1568x1046.jpg 1568w, https:\/\/courchevelchalets.fr\/wp-content\/uploads\/2024\/10\/Chalet-Cullinan-1.jpg 1920w\" sizes=\"(max-width: 1536px) 100vw, 1536px\" style=\"width:100%;height:66.72%;max-width:1920px;\" \/><\/div><\/a>\n\t\t\t\t<div class=\"elementor-post__text\">\n\t\t\t\t<h3 class=\"elementor-post__title\">\n\t\t\t<a href=\"https:\/\/courchevelchalets.fr\/fr\/rentals\/chalet-cullinan\/\" >\n\t\t\t\tChalet Cullinan\t\t\t<\/a>\n\t\t<\/h3>\n\t\t\t\t<div class=\"elementor-post__excerpt\">\n\t\t\t<p>340m\u00b2 &#8211; 6 Chambres &#8211; \u20ac10,750<\/p>\n\t\t<\/div>\n\t\t\t\t<\/div>\n\t\t\t\t\t<\/div>\n\t\t<\/article>\n\t\t\t\t<article class=\"elementor-post elementor-grid-item post-17576 chalets type-chalets status-publish has-post-thumbnail hentry location-val-thorens amenities-cinema amenities-garage amenities-gym amenities-parking amenities-sauna amenities-ski-in-ski-out amenities-ski-room amenities-spa amenities-staff type_of_rental-chalets entry\" role=\"listitem\">\n\t\t\t<div class=\"elementor-post__card\">\n\t\t\t\t<a class=\"elementor-post__thumbnail__link\" href=\"https:\/\/courchevelchalets.fr\/fr\/rentals\/jubile-dor\/\" tabindex=\"-1\" ><div class=\"elementor-post__thumbnail\"><img decoding=\"async\" width=\"1536\" height=\"1152\" src=\"https:\/\/courchevelchalets.fr\/wp-content\/uploads\/2024\/10\/Chalet-Golden-Jubilee-28-1536x1152.jpg\" class=\"attachment-1536x1536 size-1536x1536 wp-image-15917\" alt=\"\" srcset=\"https:\/\/courchevelchalets.fr\/wp-content\/uploads\/2024\/10\/Chalet-Golden-Jubilee-28-1536x1152.jpg 1536w, https:\/\/courchevelchalets.fr\/wp-content\/uploads\/2024\/10\/Chalet-Golden-Jubilee-28-300x225.jpg 300w, https:\/\/courchevelchalets.fr\/wp-content\/uploads\/2024\/10\/Chalet-Golden-Jubilee-28-1024x768.jpg 1024w, https:\/\/courchevelchalets.fr\/wp-content\/uploads\/2024\/10\/Chalet-Golden-Jubilee-28-768x576.jpg 768w, https:\/\/courchevelchalets.fr\/wp-content\/uploads\/2024\/10\/Chalet-Golden-Jubilee-28-1568x1176.jpg 1568w, https:\/\/courchevelchalets.fr\/wp-content\/uploads\/2024\/10\/Chalet-Golden-Jubilee-28.jpg 1712w\" sizes=\"(max-width: 1536px) 100vw, 1536px\" style=\"width:100%;height:75%;max-width:1712px;\" \/><\/div><\/a>\n\t\t\t\t<div class=\"elementor-post__text\">\n\t\t\t\t<h3 class=\"elementor-post__title\">\n\t\t\t<a href=\"https:\/\/courchevelchalets.fr\/fr\/rentals\/jubile-dor\/\" >\n\t\t\t\tJubil\u00e9 d&rsquo;or\t\t\t<\/a>\n\t\t<\/h3>\n\t\t\t\t<div class=\"elementor-post__excerpt\">\n\t\t\t<p>340m\u00b2 &#8211; 6 chambres &#8211; \u20ac12,950<\/p>\n\t\t<\/div>\n\t\t\t\t<\/div>\n\t\t\t\t\t<\/div>\n\t\t<\/article>\n\t\t\t\t<article class=\"elementor-post elementor-grid-item post-17575 chalets type-chalets status-publish has-post-thumbnail hentry category-en-vedette category-luxe location-val-thorens amenities-cinema amenities-garage amenities-gym amenities-parking amenities-pool amenities-sauna amenities-ski-in-ski-out amenities-ski-room amenities-spa amenities-staff amenities-steam-room type_of_rental-chalets entry\" role=\"listitem\">\n\t\t\t<div class=\"elementor-post__card\">\n\t\t\t\t<a class=\"elementor-post__thumbnail__link\" href=\"https:\/\/courchevelchalets.fr\/fr\/rentals\/chalet-la-datcha-vt\/\" tabindex=\"-1\" ><div class=\"elementor-post__thumbnail\"><img decoding=\"async\" width=\"1170\" height=\"780\" src=\"https:\/\/courchevelchalets.fr\/wp-content\/uploads\/2024\/10\/La-Datcha-Val-Thorens-1-e1729522101641.jpg\" class=\"attachment-1536x1536 size-1536x1536 wp-image-15706\" alt=\"\" style=\"width:100%;height:66.67%;max-width:1170px;\" \/><\/div><\/a>\n\t\t\t\t<div class=\"elementor-post__text\">\n\t\t\t\t<h3 class=\"elementor-post__title\">\n\t\t\t<a href=\"https:\/\/courchevelchalets.fr\/fr\/rentals\/chalet-la-datcha-vt\/\" >\n\t\t\t\tChalet La Datcha VT\t\t\t<\/a>\n\t\t<\/h3>\n\t\t\t\t<div class=\"elementor-post__excerpt\">\n\t\t\t<p>1200m\u00b2 &#8211; 8 Chambres &#8211; \u20ac69,000<\/p>\n\t\t<\/div>\n\t\t\t\t<\/div>\n\t\t\t\t\t<\/div>\n\t\t<\/article>\n\t\t\t\t<article class=\"elementor-post elementor-grid-item post-17564 chalets type-chalets status-publish has-post-thumbnail hentry location-val-thorens amenities-cinema amenities-garage amenities-gym amenities-non-serviced amenities-parking amenities-pool amenities-sauna amenities-self-catered amenities-ski-in-ski-out amenities-ski-room amenities-spa amenities-staff amenities-steam-room type_of_rental-chalets entry\" role=\"listitem\">\n\t\t\t<div class=\"elementor-post__card\">\n\t\t\t\t<a class=\"elementor-post__thumbnail__link\" href=\"https:\/\/courchevelchalets.fr\/fr\/rentals\/chalet-orlov\/\" tabindex=\"-1\" ><div class=\"elementor-post__thumbnail\"><img loading=\"lazy\" decoding=\"async\" width=\"1536\" height=\"1152\" src=\"https:\/\/courchevelchalets.fr\/wp-content\/uploads\/2024\/10\/Chalet-Orlov-3-1536x1152.jpg\" class=\"attachment-1536x1536 size-1536x1536 wp-image-15476\" alt=\"\" srcset=\"https:\/\/courchevelchalets.fr\/wp-content\/uploads\/2024\/10\/Chalet-Orlov-3-1536x1152.jpg 1536w, https:\/\/courchevelchalets.fr\/wp-content\/uploads\/2024\/10\/Chalet-Orlov-3-300x225.jpg 300w, https:\/\/courchevelchalets.fr\/wp-content\/uploads\/2024\/10\/Chalet-Orlov-3-1024x768.jpg 1024w, https:\/\/courchevelchalets.fr\/wp-content\/uploads\/2024\/10\/Chalet-Orlov-3-768x576.jpg 768w, https:\/\/courchevelchalets.fr\/wp-content\/uploads\/2024\/10\/Chalet-Orlov-3-1568x1176.jpg 1568w, https:\/\/courchevelchalets.fr\/wp-content\/uploads\/2024\/10\/Chalet-Orlov-3.jpg 1695w\" sizes=\"(max-width: 1536px) 100vw, 1536px\" style=\"width:100%;height:74.99%;max-width:1695px;\" \/><\/div><\/a>\n\t\t\t\t<div class=\"elementor-post__text\">\n\t\t\t\t<h3 class=\"elementor-post__title\">\n\t\t\t<a href=\"https:\/\/courchevelchalets.fr\/fr\/rentals\/chalet-orlov\/\" >\n\t\t\t\tChalet Orlov\t\t\t<\/a>\n\t\t<\/h3>\n\t\t\t\t<div class=\"elementor-post__excerpt\">\n\t\t\t<p>320m\u00b2 &#8211; 5 pi\u00e8ces &#8211; 9 800<\/p>\n\t\t<\/div>\n\t\t\t\t<\/div>\n\t\t\t\t\t<\/div>\n\t\t<\/article>\n\t\t\t\t<\/div>\n\t\t\n\t\t\t\t\t\t<\/div>\n\t\t\t\t<\/div>\n\t\t\t\t\t<\/div>\n\t\t<\/div>\n\t\t\t\t\t<\/div>\n\t\t<\/section>\n\t\t\t\t<\/div>\n\t\t","protected":false},"excerpt":{"rendered":"<p>Locations dans le Val THORENS Location de chalet \u00e0 Val Thorens Val Thorens est une station de ski renomm\u00e9e situ\u00e9e dans les Alpes fran\u00e7aises, connue pour son ski de haute altitude et ses vues \u00e0 couper le souffle. La location d&rsquo;un chalet \u00e0 Val Thorens est un moyen id\u00e9al de s&rsquo;immerger dans le paysage montagneux&hellip; <a class=\"more-link\" href=\"https:\/\/courchevelchalets.fr\/fr\/rentals\/chalet-orlov\/\">Poursuivre la lecture <span class=\"screen-reader-text\">Chalet Orlov<\/span><\/a><\/p>\n","protected":false},"author":3,"featured_media":9610,"parent":0,"menu_order":0,"comment_status":"closed","ping_status":"closed","template":"elementor_header_footer","meta":{"_acf_changed":false,"footnotes":""},"class_list":["post-17572","page","type-page","status-publish","has-post-thumbnail","hentry","entry"],"acf":[],"yoast_head":"<!-- This site is optimized with the Yoast SEO plugin v25.6 - https:\/\/yoast.com\/wordpress\/plugins\/seo\/ -->\n<title>Location de chalet \u00e0 Courchevel 1850 - Courchevel Chalets.<\/title>\n<meta name=\"description\" content=\"D\u00e9couvrez votre prochaine location de chalet \u00e0 Courchevel 1850 pour les vacances d&#039;hiver et louez une maison \u00e0 Courchevel avec vos amis et votre famille.\" \/>\n<meta name=\"robots\" content=\"index, follow, max-snippet:-1, max-image-preview:large, max-video-preview:-1\" \/>\n<meta property=\"og:locale\" content=\"fr_FR\" \/>\n<meta property=\"og:type\" content=\"article\" \/>\n<meta property=\"og:title\" content=\"Location de chalet \u00e0 Courchevel 1850 - Courchevel Chalets.\" \/>\n<meta property=\"og:description\" content=\"D\u00e9couvrez votre prochaine location de chalet \u00e0 Courchevel 1850 pour les vacances d&#039;hiver et louez une maison \u00e0 Courchevel avec vos amis et votre famille.\" \/>\n<meta property=\"og:url\" content=\"https:\/\/courchevelchalets.fr\/fr\/val-thorens\/\" \/>\n<meta property=\"og:site_name\" content=\"Courchevel Chalets\" \/>\n<meta property=\"article:modified_time\" content=\"2025-03-12T08:58:34+00:00\" \/>\n<meta property=\"og:image\" content=\"https:\/\/courchevelchalets.fr\/wp-content\/uploads\/2023\/05\/chalet-edelweiss-29.jpg\" \/>\n\t<meta property=\"og:image:width\" content=\"2100\" \/>\n\t<meta property=\"og:image:height\" content=\"1243\" \/>\n\t<meta property=\"og:image:type\" content=\"image\/jpeg\" \/>\n<meta name=\"twitter:card\" content=\"summary_large_image\" \/>\n<meta name=\"twitter:label1\" content=\"Dur\u00e9e de lecture estim\u00e9e\" \/>\n\t<meta name=\"twitter:data1\" content=\"1 minute\" \/>\n<script type=\"application\/ld+json\" class=\"yoast-schema-graph\">{\"@context\":\"https:\/\/schema.org\",\"@graph\":[{\"@type\":\"WebPage\",\"@id\":\"https:\/\/courchevelchalets.fr\/fr\/val-thorens\/\",\"url\":\"https:\/\/courchevelchalets.fr\/fr\/val-thorens\/\",\"name\":\"Location de chalet \u00e0 Courchevel 1850 - Courchevel Chalets.\",\"isPartOf\":{\"@id\":\"https:\/\/courchevelchalets.fr\/fr\/#website\"},\"primaryImageOfPage\":{\"@id\":\"https:\/\/courchevelchalets.fr\/fr\/val-thorens\/#primaryimage\"},\"image\":{\"@id\":\"https:\/\/courchevelchalets.fr\/fr\/val-thorens\/#primaryimage\"},\"thumbnailUrl\":\"https:\/\/courchevelchalets.fr\/wp-content\/uploads\/2023\/05\/chalet-edelweiss-29.jpg\",\"datePublished\":\"2024-10-21T12:19:09+00:00\",\"dateModified\":\"2025-03-12T08:58:34+00:00\",\"description\":\"D\u00e9couvrez votre prochaine location de chalet \u00e0 Courchevel 1850 pour les vacances d'hiver et louez une maison \u00e0 Courchevel avec vos amis et votre famille.\",\"breadcrumb\":{\"@id\":\"https:\/\/courchevelchalets.fr\/fr\/val-thorens\/#breadcrumb\"},\"inLanguage\":\"fr-FR\",\"potentialAction\":[{\"@type\":\"ReadAction\",\"target\":[\"https:\/\/courchevelchalets.fr\/fr\/val-thorens\/\"]}]},{\"@type\":\"ImageObject\",\"inLanguage\":\"fr-FR\",\"@id\":\"https:\/\/courchevelchalets.fr\/fr\/val-thorens\/#primaryimage\",\"url\":\"https:\/\/courchevelchalets.fr\/wp-content\/uploads\/2023\/05\/chalet-edelweiss-29.jpg\",\"contentUrl\":\"https:\/\/courchevelchalets.fr\/wp-content\/uploads\/2023\/05\/chalet-edelweiss-29.jpg\",\"width\":2100,\"height\":1243},{\"@type\":\"BreadcrumbList\",\"@id\":\"https:\/\/courchevelchalets.fr\/fr\/val-thorens\/#breadcrumb\",\"itemListElement\":[{\"@type\":\"ListItem\",\"position\":1,\"name\":\"Home\",\"item\":\"https:\/\/courchevelchalets.fr\/fr\/\"},{\"@type\":\"ListItem\",\"position\":2,\"name\":\"Val Thorens\"}]},{\"@type\":\"WebSite\",\"@id\":\"https:\/\/courchevelchalets.fr\/fr\/#website\",\"url\":\"https:\/\/courchevelchalets.fr\/fr\/\",\"name\":\"Courchevel Chalets\",\"description\":\"Courchevel Chalets\",\"publisher\":{\"@id\":\"https:\/\/courchevelchalets.fr\/fr\/#organization\"},\"potentialAction\":[{\"@type\":\"SearchAction\",\"target\":{\"@type\":\"EntryPoint\",\"urlTemplate\":\"https:\/\/courchevelchalets.fr\/fr\/?s={search_term_string}\"},\"query-input\":{\"@type\":\"PropertyValueSpecification\",\"valueRequired\":true,\"valueName\":\"search_term_string\"}}],\"inLanguage\":\"fr-FR\"},{\"@type\":\"Organization\",\"@id\":\"https:\/\/courchevelchalets.fr\/fr\/#organization\",\"name\":\"Courchevel Chalets\",\"url\":\"https:\/\/courchevelchalets.fr\/fr\/\",\"logo\":{\"@type\":\"ImageObject\",\"inLanguage\":\"fr-FR\",\"@id\":\"https:\/\/courchevelchalets.fr\/fr\/#\/schema\/logo\/image\/\",\"url\":\"\",\"contentUrl\":\"\",\"caption\":\"Courchevel Chalets\"},\"image\":{\"@id\":\"https:\/\/courchevelchalets.fr\/fr\/#\/schema\/logo\/image\/\"}}]}<\/script>\n<!-- \/ Yoast SEO plugin. -->","yoast_head_json":{"title":"Location de chalet \u00e0 Courchevel 1850 - Courchevel Chalets.","description":"D\u00e9couvrez votre prochaine location de chalet \u00e0 Courchevel 1850 pour les vacances d'hiver et louez une maison \u00e0 Courchevel avec vos amis et votre famille.","robots":{"index":"index","follow":"follow","max-snippet":"max-snippet:-1","max-image-preview":"max-image-preview:large","max-video-preview":"max-video-preview:-1"},"og_locale":"fr_FR","og_type":"article","og_title":"Location de chalet \u00e0 Courchevel 1850 - Courchevel Chalets.","og_description":"D\u00e9couvrez votre prochaine location de chalet \u00e0 Courchevel 1850 pour les vacances d'hiver et louez une maison \u00e0 Courchevel avec vos amis et votre famille.","og_url":"https:\/\/courchevelchalets.fr\/fr\/val-thorens\/","og_site_name":"Courchevel Chalets","article_modified_time":"2025-03-12T08:58:34+00:00","og_image":[{"width":2100,"height":1243,"url":"https:\/\/courchevelchalets.fr\/wp-content\/uploads\/2023\/05\/chalet-edelweiss-29.jpg","type":"image\/jpeg"}],"twitter_card":"summary_large_image","twitter_misc":{"Dur\u00e9e de lecture estim\u00e9e":"1 minute"},"schema":{"@context":"https:\/\/schema.org","@graph":[{"@type":"WebPage","@id":"https:\/\/courchevelchalets.fr\/fr\/val-thorens\/","url":"https:\/\/courchevelchalets.fr\/fr\/val-thorens\/","name":"Location de chalet \u00e0 Courchevel 1850 - Courchevel Chalets.","isPartOf":{"@id":"https:\/\/courchevelchalets.fr\/fr\/#website"},"primaryImageOfPage":{"@id":"https:\/\/courchevelchalets.fr\/fr\/val-thorens\/#primaryimage"},"image":{"@id":"https:\/\/courchevelchalets.fr\/fr\/val-thorens\/#primaryimage"},"thumbnailUrl":"https:\/\/courchevelchalets.fr\/wp-content\/uploads\/2023\/05\/chalet-edelweiss-29.jpg","datePublished":"2024-10-21T12:19:09+00:00","dateModified":"2025-03-12T08:58:34+00:00","description":"D\u00e9couvrez votre prochaine location de chalet \u00e0 Courchevel 1850 pour les vacances d'hiver et louez une maison \u00e0 Courchevel avec vos amis et votre famille.","breadcrumb":{"@id":"https:\/\/courchevelchalets.fr\/fr\/val-thorens\/#breadcrumb"},"inLanguage":"fr-FR","potentialAction":[{"@type":"ReadAction","target":["https:\/\/courchevelchalets.fr\/fr\/val-thorens\/"]}]},{"@type":"ImageObject","inLanguage":"fr-FR","@id":"https:\/\/courchevelchalets.fr\/fr\/val-thorens\/#primaryimage","url":"https:\/\/courchevelchalets.fr\/wp-content\/uploads\/2023\/05\/chalet-edelweiss-29.jpg","contentUrl":"https:\/\/courchevelchalets.fr\/wp-content\/uploads\/2023\/05\/chalet-edelweiss-29.jpg","width":2100,"height":1243},{"@type":"BreadcrumbList","@id":"https:\/\/courchevelchalets.fr\/fr\/val-thorens\/#breadcrumb","itemListElement":[{"@type":"ListItem","position":1,"name":"Home","item":"https:\/\/courchevelchalets.fr\/fr\/"},{"@type":"ListItem","position":2,"name":"Val Thorens"}]},{"@type":"WebSite","@id":"https:\/\/courchevelchalets.fr\/fr\/#website","url":"https:\/\/courchevelchalets.fr\/fr\/","name":"Courchevel Chalets","description":"Courchevel Chalets","publisher":{"@id":"https:\/\/courchevelchalets.fr\/fr\/#organization"},"potentialAction":[{"@type":"SearchAction","target":{"@type":"EntryPoint","urlTemplate":"https:\/\/courchevelchalets.fr\/fr\/?s={search_term_string}"},"query-input":{"@type":"PropertyValueSpecification","valueRequired":true,"valueName":"search_term_string"}}],"inLanguage":"fr-FR"},{"@type":"Organization","@id":"https:\/\/courchevelchalets.fr\/fr\/#organization","name":"Courchevel Chalets","url":"https:\/\/courchevelchalets.fr\/fr\/","logo":{"@type":"ImageObject","inLanguage":"fr-FR","@id":"https:\/\/courchevelchalets.fr\/fr\/#\/schema\/logo\/image\/","url":"","contentUrl":"","caption":"Courchevel Chalets"},"image":{"@id":"https:\/\/courchevelchalets.fr\/fr\/#\/schema\/logo\/image\/"}}]}},"distributor_meta":false,"distributor_terms":false,"distributor_media":false,"distributor_original_site_name":"Courchevel Chalets","distributor_original_site_url":"https:\/\/courchevelchalets.fr\/fr\/","push-errors":false,"_links":{"self":[{"href":"https:\/\/courchevelchalets.fr\/fr\/wp-json\/wp\/v2\/pages\/17572"}],"collection":[{"href":"https:\/\/courchevelchalets.fr\/fr\/wp-json\/wp\/v2\/pages"}],"about":[{"href":"https:\/\/courchevelchalets.fr\/fr\/wp-json\/wp\/v2\/types\/page"}],"author":[{"embeddable":true,"href":"https:\/\/courchevelchalets.fr\/fr\/wp-json\/wp\/v2\/users\/3"}],"replies":[{"embeddable":true,"href":"https:\/\/courchevelchalets.fr\/fr\/wp-json\/wp\/v2\/comments?post=17572"}],"version-history":[{"count":0,"href":"https:\/\/courchevelchalets.fr\/fr\/wp-json\/wp\/v2\/pages\/17572\/revisions"}],"wp:featuredmedia":[{"embeddable":true,"href":"https:\/\/courchevelchalets.fr\/fr\/wp-json\/wp\/v2\/media\/9610"}],"wp:attachment":[{"href":"https:\/\/courchevelchalets.fr\/fr\/wp-json\/wp\/v2\/media?parent=17572"}],"curies":[{"name":"wp","href":"https:\/\/api.w.org\/{rel}","templated":true}]}}