{"id":13524,"date":"2023-05-03T13:49:54","date_gmt":"2023-05-03T13:49:54","guid":{"rendered":"https:\/\/courchevelchalets.fr\/courchevel-1550\/"},"modified":"2024-01-29T11:43:06","modified_gmt":"2024-01-29T11:43:06","slug":"courchevel-1550","status":"publish","type":"page","link":"https:\/\/courchevelchalets.fr\/fr\/courchevel-1550\/","title":{"rendered":"Courchevel 1550"},"content":{"rendered":"\t\t<div data-elementor-type=\"wp-page\" data-elementor-id=\"13524\" class=\"elementor elementor-13524 elementor-4059\" data-elementor-post-type=\"page\">\n\t\t\t\t\t\t<section class=\"elementor-section elementor-top-section elementor-element elementor-element-7775676 elementor-section-height-min-height elementor-section-boxed elementor-section-height-default elementor-section-items-middle\" data-id=\"7775676\" data-element_type=\"section\" data-e-type=\"section\" data-settings=\"{&quot;background_background&quot;:&quot;classic&quot;}\">\n\t\t\t\t\t\t<div class=\"elementor-container elementor-column-gap-default\">\n\t\t\t\t\t<div class=\"elementor-column elementor-col-100 elementor-top-column elementor-element elementor-element-9cb90af\" data-id=\"9cb90af\" data-element_type=\"column\" data-e-type=\"column\">\n\t\t\t<div class=\"elementor-widget-wrap elementor-element-populated\">\n\t\t\t\t\t\t<div class=\"elementor-element elementor-element-bc06590 elementor-widget elementor-widget-heading\" data-id=\"bc06590\" data-element_type=\"widget\" data-e-type=\"widget\" data-widget_type=\"heading.default\">\n\t\t\t\t<div class=\"elementor-widget-container\">\n\t\t\t\t\t<h1 class=\"elementor-heading-title elementor-size-default\">Courchevel 1550<\/h1>\t\t\t\t<\/div>\n\t\t\t\t<\/div>\n\t\t\t\t\t<\/div>\n\t\t<\/div>\n\t\t\t\t\t<\/div>\n\t\t<\/section>\n\t\t\t\t<section class=\"elementor-section elementor-top-section elementor-element elementor-element-9da68ef elementor-section-boxed elementor-section-height-default elementor-section-height-default\" data-id=\"9da68ef\" data-element_type=\"section\" data-e-type=\"section\">\n\t\t\t\t\t\t<div class=\"elementor-container elementor-column-gap-default\">\n\t\t\t\t\t<div class=\"elementor-column elementor-col-100 elementor-top-column elementor-element elementor-element-6726422\" data-id=\"6726422\" data-element_type=\"column\" data-e-type=\"column\">\n\t\t\t<div class=\"elementor-widget-wrap elementor-element-populated\">\n\t\t\t\t\t\t<div class=\"elementor-element elementor-element-61f4c80 elementor-widget elementor-widget-heading\" data-id=\"61f4c80\" data-element_type=\"widget\" data-e-type=\"widget\" data-widget_type=\"heading.default\">\n\t\t\t\t<div class=\"elementor-widget-container\">\n\t\t\t\t\t<h2 class=\"elementor-heading-title elementor-size-default\">Location de chalet \u00e0 Courchevel 1550  <\/h2>\t\t\t\t<\/div>\n\t\t\t\t<\/div>\n\t\t\t\t<div class=\"elementor-element elementor-element-f341bd7 elementor-widget elementor-widget-text-editor\" data-id=\"f341bd7\" data-element_type=\"widget\" data-e-type=\"widget\" data-widget_type=\"text-editor.default\">\n\t\t\t\t<div class=\"elementor-widget-container\">\n\t\t\t\t\t\t\t\t\t<p>Courchevel 1550 est un charmant village aux allures alpines plus traditionnelles. Il offre une gamme d&rsquo;h\u00e9bergements, y compris quelques chalets de luxe, et est situ\u00e9 \u00e0 une altitude plus basse que les deux autres villages, ce qui en fait un excellent choix pour ceux qui veulent \u00e9viter les foules.<\/p>\n\t\t\t\t\t\t\t\t<\/div>\n\t\t\t\t<\/div>\n\t\t\t\t\t<\/div>\n\t\t<\/div>\n\t\t\t\t\t<\/div>\n\t\t<\/section>\n\t\t\t\t<section class=\"elementor-section elementor-top-section elementor-element elementor-element-70decb7 elementor-section-boxed elementor-section-height-default elementor-section-height-default\" data-id=\"70decb7\" data-element_type=\"section\" data-e-type=\"section\">\n\t\t\t\t\t\t<div class=\"elementor-container elementor-column-gap-default\">\n\t\t\t\t\t<div class=\"elementor-column elementor-col-100 elementor-top-column elementor-element elementor-element-8a6d6c1\" data-id=\"8a6d6c1\" data-element_type=\"column\" data-e-type=\"column\">\n\t\t\t<div class=\"elementor-widget-wrap elementor-element-populated\">\n\t\t\t\t\t\t<div class=\"elementor-element elementor-element-f5b93a2 elementor-widget elementor-widget-heading\" data-id=\"f5b93a2\" data-element_type=\"widget\" data-e-type=\"widget\" data-widget_type=\"heading.default\">\n\t\t\t\t<div class=\"elementor-widget-container\">\n\t\t\t\t\t<h3 class=\"elementor-heading-title elementor-size-default\">Chalets \u00e0 louer \u00e0 Courchevel 1550<\/h3>\t\t\t\t<\/div>\n\t\t\t\t<\/div>\n\t\t\t\t<div class=\"elementor-element elementor-element-1341b27 elementor-widget elementor-widget-text-editor\" data-id=\"1341b27\" data-element_type=\"widget\" data-e-type=\"widget\" data-widget_type=\"text-editor.default\">\n\t\t\t\t<div class=\"elementor-widget-container\">\n\t\t\t\t\t\t\t\t\t<p>Parcourez notre s\u00e9lection des meilleurs chalets de luxe \u00e0 Courchevel 1550 :<\/p>\n\t\t\t\t\t\t\t\t<\/div>\n\t\t\t\t<\/div>\n\t\t\t\t<div class=\"elementor-element elementor-element-99103da elementor-posts--align-center elementor-grid-3 elementor-grid-tablet-2 elementor-grid-mobile-1 elementor-posts--thumbnail-top elementor-card-shadow-yes elementor-posts__hover-gradient elementor-widget elementor-widget-posts\" data-id=\"99103da\" data-element_type=\"widget\" data-e-type=\"widget\" data-settings=\"{&quot;cards_masonry&quot;:&quot;yes&quot;,&quot;cards_columns&quot;:&quot;3&quot;,&quot;cards_columns_tablet&quot;:&quot;2&quot;,&quot;cards_columns_mobile&quot;:&quot;1&quot;,&quot;cards_row_gap&quot;:{&quot;unit&quot;:&quot;px&quot;,&quot;size&quot;:35,&quot;sizes&quot;:[]},&quot;cards_row_gap_tablet&quot;:{&quot;unit&quot;:&quot;px&quot;,&quot;size&quot;:&quot;&quot;,&quot;sizes&quot;:[]},&quot;cards_row_gap_mobile&quot;:{&quot;unit&quot;:&quot;px&quot;,&quot;size&quot;:&quot;&quot;,&quot;sizes&quot;:[]}}\" data-widget_type=\"posts.cards\">\n\t\t\t\t<div class=\"elementor-widget-container\">\n\t\t\t\t\t\t\t<div class=\"elementor-posts-container elementor-posts elementor-posts--skin-cards elementor-grid\" role=\"list\">\n\t\t\t\t<article class=\"elementor-post elementor-grid-item post-14192 chalets type-chalets status-publish has-post-thumbnail hentry location-courchevel-1550 amenities-self-catered amenities-ski-in-ski-out amenities-ski-room amenities-spa type_of_rental-apartment entry\" role=\"listitem\">\n\t\t\t<div class=\"elementor-post__card\">\n\t\t\t\t<a class=\"elementor-post__thumbnail__link\" href=\"https:\/\/courchevelchalets.fr\/fr\/rentals\/les-rois\/\" tabindex=\"-1\" ><div class=\"elementor-post__thumbnail\"><img fetchpriority=\"high\" decoding=\"async\" width=\"1536\" height=\"1151\" src=\"https:\/\/courchevelchalets.fr\/wp-content\/uploads\/2023\/11\/Les-Rois-1-e1698944101462-1536x1151.jpg\" class=\"attachment-1536x1536 size-1536x1536 wp-image-11983\" alt=\"\" srcset=\"https:\/\/courchevelchalets.fr\/wp-content\/uploads\/2023\/11\/Les-Rois-1-e1698944101462-1536x1151.jpg 1536w, https:\/\/courchevelchalets.fr\/wp-content\/uploads\/2023\/11\/Les-Rois-1-e1698944101462-300x225.jpg 300w, https:\/\/courchevelchalets.fr\/wp-content\/uploads\/2023\/11\/Les-Rois-1-e1698944101462-1024x767.jpg 1024w, https:\/\/courchevelchalets.fr\/wp-content\/uploads\/2023\/11\/Les-Rois-1-e1698944101462-768x575.jpg 768w, https:\/\/courchevelchalets.fr\/wp-content\/uploads\/2023\/11\/Les-Rois-1-e1698944101462-1568x1175.jpg 1568w, https:\/\/courchevelchalets.fr\/wp-content\/uploads\/2023\/11\/Les-Rois-1-e1698944101462.jpg 1775w\" sizes=\"(max-width: 1536px) 100vw, 1536px\" style=\"width:100%;height:74.93%;max-width:1775px;\" \/><\/div><\/a>\n\t\t\t\t<div class=\"elementor-post__text\">\n\t\t\t\t<h3 class=\"elementor-post__title\">\n\t\t\t<a href=\"https:\/\/courchevelchalets.fr\/fr\/rentals\/les-rois\/\" >\n\t\t\t\tLes Rois\t\t\t<\/a>\n\t\t<\/h3>\n\t\t\t\t<div class=\"elementor-post__excerpt\">\n\t\t\t<p>150m\u00b2 &#8211; 5 Chambres &#8211; \u20ac6,000<\/p>\n\t\t<\/div>\n\t\t\t\t<\/div>\n\t\t\t\t\t<\/div>\n\t\t<\/article>\n\t\t\t\t<article class=\"elementor-post elementor-grid-item post-14132 chalets type-chalets status-publish has-post-thumbnail hentry category-luxe location-courchevel-1550 amenities-parking amenities-pool amenities-ski-in-ski-out amenities-ski-room amenities-spa amenities-staff type_of_rental-chalets entry\" role=\"listitem\">\n\t\t\t<div class=\"elementor-post__card\">\n\t\t\t\t<a class=\"elementor-post__thumbnail__link\" href=\"https:\/\/courchevelchalets.fr\/fr\/rentals\/le-1550\/\" tabindex=\"-1\" ><div class=\"elementor-post__thumbnail\"><img decoding=\"async\" width=\"1536\" height=\"1152\" src=\"https:\/\/courchevelchalets.fr\/wp-content\/uploads\/2023\/06\/Le-1550-15-scaled-e1686131373541-1536x1152.jpg\" class=\"attachment-1536x1536 size-1536x1536 wp-image-11107\" alt=\"\" srcset=\"https:\/\/courchevelchalets.fr\/wp-content\/uploads\/2023\/06\/Le-1550-15-scaled-e1686131373541-1536x1152.jpg 1536w, https:\/\/courchevelchalets.fr\/wp-content\/uploads\/2023\/06\/Le-1550-15-scaled-e1686131373541-300x225.jpg 300w, https:\/\/courchevelchalets.fr\/wp-content\/uploads\/2023\/06\/Le-1550-15-scaled-e1686131373541-1024x768.jpg 1024w, https:\/\/courchevelchalets.fr\/wp-content\/uploads\/2023\/06\/Le-1550-15-scaled-e1686131373541-768x576.jpg 768w, https:\/\/courchevelchalets.fr\/wp-content\/uploads\/2023\/06\/Le-1550-15-scaled-e1686131373541-2048x1536.jpg 2048w, https:\/\/courchevelchalets.fr\/wp-content\/uploads\/2023\/06\/Le-1550-15-scaled-e1686131373541-1568x1176.jpg 1568w\" sizes=\"(max-width: 1536px) 100vw, 1536px\" style=\"width:100%;height:74.98%;max-width:2278px;\" \/><\/div><\/a>\n\t\t\t\t<div class=\"elementor-post__text\">\n\t\t\t\t<h3 class=\"elementor-post__title\">\n\t\t\t<a href=\"https:\/\/courchevelchalets.fr\/fr\/rentals\/le-1550\/\" >\n\t\t\t\tChalet Le 1550\t\t\t<\/a>\n\t\t<\/h3>\n\t\t\t\t<div class=\"elementor-post__excerpt\">\n\t\t\t<p>680m\u00b2 &#8211; 8 Chambres &#8211; POA<\/p>\n\t\t<\/div>\n\t\t\t\t<\/div>\n\t\t\t\t\t<\/div>\n\t\t<\/article>\n\t\t\t\t<\/div>\n\t\t\n\t\t\t\t\t\t<\/div>\n\t\t\t\t<\/div>\n\t\t\t\t\t<\/div>\n\t\t<\/div>\n\t\t\t\t\t<\/div>\n\t\t<\/section>\n\t\t\t\t<\/div>\n\t\t","protected":false},"excerpt":{"rendered":"<p>Courchevel 1550 Location de chalet \u00e0 Courchevel 1550 Courchevel 1550 est un charmant village aux allures alpines plus traditionnelles. Il offre une gamme d&rsquo;h\u00e9bergements, y compris quelques chalets de luxe, et est situ\u00e9 \u00e0 une altitude plus basse que les deux autres villages, ce qui en fait un excellent choix pour ceux qui veulent \u00e9viter&hellip; <a class=\"more-link\" href=\"https:\/\/courchevelchalets.fr\/fr\/rentals\/le-1550\/\">Poursuivre la lecture <span class=\"screen-reader-text\">Chalet Le 1550<\/span><\/a><\/p>\n","protected":false},"author":3,"featured_media":11074,"parent":0,"menu_order":0,"comment_status":"closed","ping_status":"closed","template":"elementor_header_footer","meta":{"_acf_changed":false,"footnotes":""},"class_list":["post-13524","page","type-page","status-publish","has-post-thumbnail","hentry","entry"],"acf":[],"yoast_head":"<!-- This site is optimized with the Yoast SEO plugin v25.6 - https:\/\/yoast.com\/wordpress\/plugins\/seo\/ -->\n<title>Location de chalet \u00e0 Courchevel 1550 -%sitename%%%.<\/title>\n<meta name=\"description\" content=\"D\u00e9couvrez votre prochaine location de chalet \u00e0 Courchevel 1550 pour les vacances d&#039;hiver et louez une maison \u00e0 Courchevel avec vos amis et votre famille.\" \/>\n<meta name=\"robots\" content=\"index, follow, max-snippet:-1, max-image-preview:large, max-video-preview:-1\" \/>\n<meta property=\"og:locale\" content=\"fr_FR\" \/>\n<meta property=\"og:type\" content=\"article\" \/>\n<meta property=\"og:title\" content=\"Location de chalet \u00e0 Courchevel 1550 -%sitename%%%.\" \/>\n<meta property=\"og:description\" content=\"D\u00e9couvrez votre prochaine location de chalet \u00e0 Courchevel 1550 pour les vacances d&#039;hiver et louez une maison \u00e0 Courchevel avec vos amis et votre famille.\" \/>\n<meta property=\"og:url\" content=\"https:\/\/courchevelchalets.fr\/fr\/courchevel-1550\/\" \/>\n<meta property=\"og:site_name\" content=\"Courchevel Chalets\" \/>\n<meta property=\"article:modified_time\" content=\"2024-01-29T11:43:06+00:00\" \/>\n<meta property=\"og:image\" content=\"https:\/\/courchevelchalets.fr\/wp-content\/uploads\/2023\/06\/Le-1550-4-scaled.jpg\" \/>\n\t<meta property=\"og:image:width\" content=\"2560\" \/>\n\t<meta property=\"og:image:height\" content=\"1709\" \/>\n\t<meta property=\"og:image:type\" content=\"image\/jpeg\" \/>\n<meta name=\"twitter:card\" content=\"summary_large_image\" \/>\n<script type=\"application\/ld+json\" class=\"yoast-schema-graph\">{\"@context\":\"https:\/\/schema.org\",\"@graph\":[{\"@type\":\"WebPage\",\"@id\":\"https:\/\/courchevelchalets.fr\/fr\/courchevel-1550\/\",\"url\":\"https:\/\/courchevelchalets.fr\/fr\/courchevel-1550\/\",\"name\":\"Location de chalet \u00e0 Courchevel 1550 -%sitename%%%.\",\"isPartOf\":{\"@id\":\"https:\/\/courchevelchalets.fr\/fr\/#website\"},\"primaryImageOfPage\":{\"@id\":\"https:\/\/courchevelchalets.fr\/fr\/courchevel-1550\/#primaryimage\"},\"image\":{\"@id\":\"https:\/\/courchevelchalets.fr\/fr\/courchevel-1550\/#primaryimage\"},\"thumbnailUrl\":\"https:\/\/courchevelchalets.fr\/wp-content\/uploads\/2023\/06\/Le-1550-4-scaled.jpg\",\"datePublished\":\"2023-05-03T13:49:54+00:00\",\"dateModified\":\"2024-01-29T11:43:06+00:00\",\"description\":\"D\u00e9couvrez votre prochaine location de chalet \u00e0 Courchevel 1550 pour les vacances d'hiver et louez une maison \u00e0 Courchevel avec vos amis et votre famille.\",\"breadcrumb\":{\"@id\":\"https:\/\/courchevelchalets.fr\/fr\/courchevel-1550\/#breadcrumb\"},\"inLanguage\":\"fr-FR\",\"potentialAction\":[{\"@type\":\"ReadAction\",\"target\":[\"https:\/\/courchevelchalets.fr\/fr\/courchevel-1550\/\"]}]},{\"@type\":\"ImageObject\",\"inLanguage\":\"fr-FR\",\"@id\":\"https:\/\/courchevelchalets.fr\/fr\/courchevel-1550\/#primaryimage\",\"url\":\"https:\/\/courchevelchalets.fr\/wp-content\/uploads\/2023\/06\/Le-1550-4-scaled.jpg\",\"contentUrl\":\"https:\/\/courchevelchalets.fr\/wp-content\/uploads\/2023\/06\/Le-1550-4-scaled.jpg\",\"width\":2560,\"height\":1709},{\"@type\":\"BreadcrumbList\",\"@id\":\"https:\/\/courchevelchalets.fr\/fr\/courchevel-1550\/#breadcrumb\",\"itemListElement\":[{\"@type\":\"ListItem\",\"position\":1,\"name\":\"Home\",\"item\":\"https:\/\/courchevelchalets.fr\/fr\/\"},{\"@type\":\"ListItem\",\"position\":2,\"name\":\"Courchevel 1550\"}]},{\"@type\":\"WebSite\",\"@id\":\"https:\/\/courchevelchalets.fr\/fr\/#website\",\"url\":\"https:\/\/courchevelchalets.fr\/fr\/\",\"name\":\"Courchevel Chalets\",\"description\":\"Courchevel Chalets\",\"publisher\":{\"@id\":\"https:\/\/courchevelchalets.fr\/fr\/#organization\"},\"potentialAction\":[{\"@type\":\"SearchAction\",\"target\":{\"@type\":\"EntryPoint\",\"urlTemplate\":\"https:\/\/courchevelchalets.fr\/fr\/?s={search_term_string}\"},\"query-input\":{\"@type\":\"PropertyValueSpecification\",\"valueRequired\":true,\"valueName\":\"search_term_string\"}}],\"inLanguage\":\"fr-FR\"},{\"@type\":\"Organization\",\"@id\":\"https:\/\/courchevelchalets.fr\/fr\/#organization\",\"name\":\"Courchevel Chalets\",\"url\":\"https:\/\/courchevelchalets.fr\/fr\/\",\"logo\":{\"@type\":\"ImageObject\",\"inLanguage\":\"fr-FR\",\"@id\":\"https:\/\/courchevelchalets.fr\/fr\/#\/schema\/logo\/image\/\",\"url\":\"\",\"contentUrl\":\"\",\"caption\":\"Courchevel Chalets\"},\"image\":{\"@id\":\"https:\/\/courchevelchalets.fr\/fr\/#\/schema\/logo\/image\/\"}}]}<\/script>\n<!-- \/ Yoast SEO plugin. -->","yoast_head_json":{"title":"Location de chalet \u00e0 Courchevel 1550 -%sitename%%%.","description":"D\u00e9couvrez votre prochaine location de chalet \u00e0 Courchevel 1550 pour les vacances d'hiver et louez une maison \u00e0 Courchevel avec vos amis et votre famille.","robots":{"index":"index","follow":"follow","max-snippet":"max-snippet:-1","max-image-preview":"max-image-preview:large","max-video-preview":"max-video-preview:-1"},"og_locale":"fr_FR","og_type":"article","og_title":"Location de chalet \u00e0 Courchevel 1550 -%sitename%%%.","og_description":"D\u00e9couvrez votre prochaine location de chalet \u00e0 Courchevel 1550 pour les vacances d'hiver et louez une maison \u00e0 Courchevel avec vos amis et votre famille.","og_url":"https:\/\/courchevelchalets.fr\/fr\/courchevel-1550\/","og_site_name":"Courchevel Chalets","article_modified_time":"2024-01-29T11:43:06+00:00","og_image":[{"width":2560,"height":1709,"url":"https:\/\/courchevelchalets.fr\/wp-content\/uploads\/2023\/06\/Le-1550-4-scaled.jpg","type":"image\/jpeg"}],"twitter_card":"summary_large_image","schema":{"@context":"https:\/\/schema.org","@graph":[{"@type":"WebPage","@id":"https:\/\/courchevelchalets.fr\/fr\/courchevel-1550\/","url":"https:\/\/courchevelchalets.fr\/fr\/courchevel-1550\/","name":"Location de chalet \u00e0 Courchevel 1550 -%sitename%%%.","isPartOf":{"@id":"https:\/\/courchevelchalets.fr\/fr\/#website"},"primaryImageOfPage":{"@id":"https:\/\/courchevelchalets.fr\/fr\/courchevel-1550\/#primaryimage"},"image":{"@id":"https:\/\/courchevelchalets.fr\/fr\/courchevel-1550\/#primaryimage"},"thumbnailUrl":"https:\/\/courchevelchalets.fr\/wp-content\/uploads\/2023\/06\/Le-1550-4-scaled.jpg","datePublished":"2023-05-03T13:49:54+00:00","dateModified":"2024-01-29T11:43:06+00:00","description":"D\u00e9couvrez votre prochaine location de chalet \u00e0 Courchevel 1550 pour les vacances d'hiver et louez une maison \u00e0 Courchevel avec vos amis et votre famille.","breadcrumb":{"@id":"https:\/\/courchevelchalets.fr\/fr\/courchevel-1550\/#breadcrumb"},"inLanguage":"fr-FR","potentialAction":[{"@type":"ReadAction","target":["https:\/\/courchevelchalets.fr\/fr\/courchevel-1550\/"]}]},{"@type":"ImageObject","inLanguage":"fr-FR","@id":"https:\/\/courchevelchalets.fr\/fr\/courchevel-1550\/#primaryimage","url":"https:\/\/courchevelchalets.fr\/wp-content\/uploads\/2023\/06\/Le-1550-4-scaled.jpg","contentUrl":"https:\/\/courchevelchalets.fr\/wp-content\/uploads\/2023\/06\/Le-1550-4-scaled.jpg","width":2560,"height":1709},{"@type":"BreadcrumbList","@id":"https:\/\/courchevelchalets.fr\/fr\/courchevel-1550\/#breadcrumb","itemListElement":[{"@type":"ListItem","position":1,"name":"Home","item":"https:\/\/courchevelchalets.fr\/fr\/"},{"@type":"ListItem","position":2,"name":"Courchevel 1550"}]},{"@type":"WebSite","@id":"https:\/\/courchevelchalets.fr\/fr\/#website","url":"https:\/\/courchevelchalets.fr\/fr\/","name":"Courchevel Chalets","description":"Courchevel Chalets","publisher":{"@id":"https:\/\/courchevelchalets.fr\/fr\/#organization"},"potentialAction":[{"@type":"SearchAction","target":{"@type":"EntryPoint","urlTemplate":"https:\/\/courchevelchalets.fr\/fr\/?s={search_term_string}"},"query-input":{"@type":"PropertyValueSpecification","valueRequired":true,"valueName":"search_term_string"}}],"inLanguage":"fr-FR"},{"@type":"Organization","@id":"https:\/\/courchevelchalets.fr\/fr\/#organization","name":"Courchevel Chalets","url":"https:\/\/courchevelchalets.fr\/fr\/","logo":{"@type":"ImageObject","inLanguage":"fr-FR","@id":"https:\/\/courchevelchalets.fr\/fr\/#\/schema\/logo\/image\/","url":"","contentUrl":"","caption":"Courchevel Chalets"},"image":{"@id":"https:\/\/courchevelchalets.fr\/fr\/#\/schema\/logo\/image\/"}}]}},"distributor_meta":false,"distributor_terms":false,"distributor_media":false,"distributor_original_site_name":"Courchevel Chalets","distributor_original_site_url":"https:\/\/courchevelchalets.fr\/fr\/","push-errors":false,"_links":{"self":[{"href":"https:\/\/courchevelchalets.fr\/fr\/wp-json\/wp\/v2\/pages\/13524"}],"collection":[{"href":"https:\/\/courchevelchalets.fr\/fr\/wp-json\/wp\/v2\/pages"}],"about":[{"href":"https:\/\/courchevelchalets.fr\/fr\/wp-json\/wp\/v2\/types\/page"}],"author":[{"embeddable":true,"href":"https:\/\/courchevelchalets.fr\/fr\/wp-json\/wp\/v2\/users\/3"}],"replies":[{"embeddable":true,"href":"https:\/\/courchevelchalets.fr\/fr\/wp-json\/wp\/v2\/comments?post=13524"}],"version-history":[{"count":0,"href":"https:\/\/courchevelchalets.fr\/fr\/wp-json\/wp\/v2\/pages\/13524\/revisions"}],"wp:featuredmedia":[{"embeddable":true,"href":"https:\/\/courchevelchalets.fr\/fr\/wp-json\/wp\/v2\/media\/11074"}],"wp:attachment":[{"href":"https:\/\/courchevelchalets.fr\/fr\/wp-json\/wp\/v2\/media?parent=13524"}],"curies":[{"name":"wp","href":"https:\/\/api.w.org\/{rel}","templated":true}]}}